{"id":18540,"date":"2021-01-02T09:14:10","date_gmt":"2021-01-02T09:14:10","guid":{"rendered":"https:\/\/www.mumnet.de\/impressum"},"modified":"2022-04-06T14:36:16","modified_gmt":"2022-04-06T14:36:16","slug":"impressum","status":"publish","type":"page","link":"https:\/\/www.mumnet.de\/de-en\/impressum","title":{"rendered":"Impressum"},"content":{"rendered":"\t\t<div data-elementor-type=\"wp-page\" data-elementor-id=\"18540\" class=\"elementor elementor-18540\" data-elementor-post-type=\"page\">\n\t\t\t\t\t\t<section class=\"elementor-section elementor-top-section elementor-element elementor-element-3565601c elementor-section-boxed elementor-section-height-default elementor-section-height-default\" data-id=\"3565601c\" data-element_type=\"section\">\n\t\t\t\t\t\t<div class=\"elementor-container elementor-column-gap-no\">\n\t\t\t\t\t<div class=\"elementor-column elementor-col-100 elementor-top-column elementor-element elementor-element-c763763\" data-id=\"c763763\" data-element_type=\"column\">\n\t\t\t<div class=\"elementor-widget-wrap elementor-element-populated\">\n\t\t\t\t\t\t<div class=\"elementor-element elementor-element-6a97a3d3 elementor-widget elementor-widget-text-editor\" data-id=\"6a97a3d3\" data-element_type=\"widget\" data-widget_type=\"text-editor.default\">\n\t\t\t\t<div class=\"elementor-widget-container\">\n\t\t\t\t\t\t\t<p>Inhaber der Website:<\/p><p>M&amp;M Militzer &amp; M\u00fcnch International Holding AG<br \/>Zwinglistr. 25<br \/>CH-9001 St. Gallen<br \/>Switzerland<\/p><p>Tel.: +41 71 227 1500<br \/>Fax: +41 71 227 1535<br \/>info@mumnet.com<\/p><p>Handelsregisternummer: CH-320.3.022.985-1<br \/>Handelsgericht: Kanton St. Gallen<br \/>Erf\u00fcllungsort und Gerichtsstand: St. Gallen \/ Schweiz<br \/>VAT-Nr.: 600 842<\/p><p>Mitgliedschaften:<br \/>&#8211; FIATA (International Federation of Freight Forwarders Associations)<br \/>&#8211; Spedlogswiss (Swiss Association of Forwarders and logistics providers)<\/p><p>Wir arbeiten ausschlie\u00dflich auf Grundlage der jeweils geltenden Gesch\u00e4ftsbedingungen in Ihrer g\u00fcltigen Fassung. Erf\u00fcllungsort und Gerichtsstand: Sitz der jeweiligen Niederlassung.<\/p><p>F\u00fcr die Schweiz gelten die allgemeinen Bedingungen, neueste Fassung, des Verbandes schweizerischer Speditions- und Logistikunternehmen (AB Spedlog@swiss), deren Mitglied wir sind.<\/p><p>F\u00fcr Deutschland gelten die\u00a0Allgemeinen Deutschen Spediteurbedingungen (ADSp), jeweils neueste Fassung.<\/p><p>PDF-Dokumente:<br \/>Auf unserer Seite finden sich viele Dokumente als PDF-Downloads. Um diese Dokumente betrachten zu k\u00f6nnen ben\u00f6tigen Sie den Adobe Reader. Dieser kann\u00a0hier\u00a0kostenlos heruntergeladen werden.<\/p><p>F\u00fcr Frachtanfragen oder allgemeine Anfragen bitte folgende Nummern benutzen:<\/p><p>Tel.: +49 9281 971-0<br \/>Fax: +49 9281 971-4205<br \/>info@mumnet.com<\/p><p>\u00a0<\/p><p>Lizensierte Fotos \/ Bildnutzung<br \/>Einzelne Fotos der Website stammen von den Agenturen adobe.stock.com, shutterstock.com, istockphoto.com, thinkstock.com und fotolia.com. F\u00fcr die Nutzungsrechte liegen uns Lizenzvereinbarungen der Anbieter vor.<\/p><p><br \/>Datenschutz<br \/>F\u00fcr uns bei Militzer &amp; M\u00fcnch ist es eine Selbstverst\u00e4ndlichkeit, dass wir verantwortungsvoll mit Ihren personenbezogenen Daten umgehen, wenn Sie unsere Websites nutzen und elektronisch mit uns kommunizieren. Wir ergreifen alle erforderlichen Ma\u00dfnahmen, um die von Ihnen zur Verf\u00fcgung gestellten personenbezogenen Daten zu sch\u00fctzen und die geltenden nationalen und europ\u00e4ischen Datenschutzvorschriften jederzeit einzuhalten.<\/p><p>Hinweis zum Umgang mit Cookies \/ Tracking Technology<\/p><p>\u00a0<\/p><p>\u00a0<\/p><p>\u00a0<\/p><p>\u00a0<\/p><p><br \/>Owner of this site:<\/p><p>M&amp;M Militzer &amp; M\u00fcnch International Holding AG<br \/>Zwinglistr. 25<br \/>CH-9001 St. Gallen<br \/>Switzerland<br \/>Tel.: +41 71 227 1500<br \/>Fax: +41 71 227 1535<br \/>info@mumnet.com<\/p><p>Company register number: CH-320.3.022.985-1<br \/>Company register court: Canton St. Gallen<br \/>Place of fulfilment and place of jurisdiction is St. Gallen \/ Switzerland<br \/>VAT Registration Number: 600 842<\/p><p>Membership:<br \/>&#8211; FIATA (International Federation of Freight Forwarders Associations)<br \/>&#8211; Spedlogswiss (Swiss Association of Forwarders and logistics providers)<\/p><p>Place of performance shall be the place of location of the branch office. The appropriate local courts shall have exclusive jurisdiction.<\/p><p><br \/>For Switzerland: the General Swiss Forwarders Terms and Conditions, latest edition.<\/p><p>For Germany:\u00a0German Freight Forwarders&#8217; Standard Terms and Conditions (ADSp)\u00a0&#8211; latest edition.<\/p><p>PDF-documents:<br \/>On our page you will find many documents as pdf-downloads. To view these documents the Adobe Reader is required. The Adobe Reader can be downloaded\u00a0here.<\/p><p>For freight inquiries or general inquiries please use this numbers<\/p><p>Tel.: +49 9281 971-0<br \/>Fax: +49 9281 971-4205<br \/>eMail:\u00a0info@mumnet.com<\/p><p>\u00a0<\/p><p>Licensed images \/ Image use<br \/>Individual images on the website come from the agencies shutterstock.com, istockphoto.com, thinkstock.com and fotolia.com. For the rights of use, license agreements exist with the provider.\u00a0<\/p><p>At Militzer &amp; M\u00fcnch, you can take it for granted that we will handle your personal data responsibly whenever you use our websites and communicate with us electronically. We take all the necessary steps to protect the personal data provided by you and comply with the applicable national and European data protection requirements at all times.<\/p><p>More information on cookies \/ tracking technology<\/p>\t\t\t\t\t\t<\/div>\n\t\t\t\t<\/div>\n\t\t\t\t\t<\/div>\n\t\t<\/div>\n\t\t\t\t\t<\/div>\n\t\t<\/section>\n\t\t\t\t<\/div>\n\t\t","protected":false},"excerpt":{"rendered":"<p>Inhaber der Website: M&amp;M Militzer &amp; M\u00fcnch International Holding AGZwinglistr. 25CH-9001 St. GallenSwitzerland Tel.: +41 71 227 1500Fax: +41 71 227 1535info@mumnet.com Handelsregisternummer: CH-320.3.022.985-1Handelsgericht: Kanton St. GallenErf\u00fcllungsort und Gerichtsstand: St. Gallen \/ SchweizVAT-Nr.: 600 842 Mitgliedschaften:&#8211; FIATA (International Federation of Freight Forwarders Associations)&#8211; Spedlogswiss (Swiss Association of Forwarders and logistics providers) Wir arbeiten ausschlie\u00dflich auf [&hellip;]<\/p>\n","protected":false},"author":1,"featured_media":0,"parent":0,"menu_order":0,"comment_status":"closed","ping_status":"closed","template":"","meta":{"footnotes":"","_links_to":"","_links_to_target":""},"class_list":["post-18540","page","type-page","status-publish","hentry"],"_links":{"self":[{"href":"https:\/\/www.mumnet.de\/de-en\/wp-json\/wp\/v2\/pages\/18540"}],"collection":[{"href":"https:\/\/www.mumnet.de\/de-en\/wp-json\/wp\/v2\/pages"}],"about":[{"href":"https:\/\/www.mumnet.de\/de-en\/wp-json\/wp\/v2\/types\/page"}],"author":[{"embeddable":true,"href":"https:\/\/www.mumnet.de\/de-en\/wp-json\/wp\/v2\/users\/1"}],"replies":[{"embeddable":true,"href":"https:\/\/www.mumnet.de\/de-en\/wp-json\/wp\/v2\/comments?post=18540"}],"version-history":[{"count":0,"href":"https:\/\/www.mumnet.de\/de-en\/wp-json\/wp\/v2\/pages\/18540\/revisions"}],"wp:attachment":[{"href":"https:\/\/www.mumnet.de\/de-en\/wp-json\/wp\/v2\/media?parent=18540"}],"curies":[{"name":"wp","href":"https:\/\/api.w.org\/{rel}","templated":true}]}}