{"id":82333,"date":"2023-12-04T09:59:51","date_gmt":"2023-12-04T09:59:51","guid":{"rendered":"https:\/\/www.mumnet.de\/?page_id=82333"},"modified":"2025-07-06T10:17:11","modified_gmt":"2025-07-06T10:17:11","slug":"compliance","status":"publish","type":"page","link":"https:\/\/www.mumnet.de\/de-en\/compliance","title":{"rendered":"Compliance"},"content":{"rendered":"\t\t<div data-elementor-type=\"wp-page\" data-elementor-id=\"82333\" class=\"elementor elementor-82333\" data-elementor-post-type=\"page\">\n\t\t\t\t\t\t<section class=\"elementor-section elementor-top-section elementor-element elementor-element-d77049a elementor-section-boxed elementor-section-height-default elementor-section-height-default\" data-id=\"d77049a\" data-element_type=\"section\">\n\t\t\t\t\t\t<div class=\"elementor-container elementor-column-gap-default\">\n\t\t\t\t\t<div class=\"elementor-column elementor-col-100 elementor-top-column elementor-element elementor-element-8faf131\" data-id=\"8faf131\" data-element_type=\"column\">\n\t\t\t<div class=\"elementor-widget-wrap elementor-element-populated\">\n\t\t\t\t\t\t<div class=\"elementor-element elementor-element-787cb50 elementor-widget elementor-widget-text-editor\" data-id=\"787cb50\" data-element_type=\"widget\" data-widget_type=\"text-editor.default\">\n\t\t\t\t<div class=\"elementor-widget-container\">\n\t\t\t\t\t\t\t<p>Liebe Website-User!\u00a0<\/p><p>Bei unseren individuellen Logistikleistungen sind wir f\u00fcr Sie auf der Stra\u00dfe, in der Luft und auf dem Wasser unterwegs \u2013 weltweit \u2013 und hier wollen wir als die M&amp;M Militzer &amp; M\u00fcnch Gruppe in Deutschland mit allen Gesetzen und Regularien im Einklang stehen.<\/p><p>Um diesem Anspruch noch besser gerecht zu werden, haben wir ein <strong>Hinweisgeberportal zur anonymen Meldung<\/strong> von Gesetzesverst\u00f6\u00dfen eingerichtet. Die Absenderin oder der Absender einer solchen Meldung ist und bleibt, solange sie oder er es w\u00fcnscht, absolut anonym.<\/p><p>Dar\u00fcber hinaus steht Ihnen ein Formular zur Meldung von IT-relevanten <strong>Informationssicherheitsvorf\u00e4llen <\/strong>zur Verf\u00fcgung. Unsere Partner und Lieferanten finden hier ein Merkblatt zur <strong>Informationssicherheit und Zusammenarbeit mit Lieferanten<\/strong>.<\/p><p>Wir danken Ihnen herzlich f\u00fcr Ihren aktiven Beitrag zur kontinuierlichen Verbesserung unserer Arbeit.<\/p>\t\t\t\t\t\t<\/div>\n\t\t\t\t<\/div>\n\t\t\t\t\t<\/div>\n\t\t<\/div>\n\t\t\t\t\t<\/div>\n\t\t<\/section>\n\t\t\t\t<section class=\"elementor-section elementor-top-section elementor-element elementor-element-31572ed elementor-section-boxed elementor-section-height-default elementor-section-height-default\" data-id=\"31572ed\" data-element_type=\"section\">\n\t\t\t\t\t\t<div class=\"elementor-container elementor-column-gap-default\">\n\t\t\t\t\t<div class=\"elementor-column elementor-col-33 elementor-top-column elementor-element elementor-element-ddc5599\" data-id=\"ddc5599\" data-element_type=\"column\">\n\t\t\t<div class=\"elementor-widget-wrap elementor-element-populated\">\n\t\t\t\t\t\t<div class=\"elementor-element elementor-element-4c326f4 elementor-align-justify elementor-widget elementor-widget-button\" data-id=\"4c326f4\" data-element_type=\"widget\" data-widget_type=\"button.default\">\n\t\t\t\t<div class=\"elementor-widget-container\">\n\t\t\t\t\t\t\t<div class=\"elementor-button-wrapper\">\n\t\t\t\t\t<a class=\"elementor-button elementor-button-link elementor-size-sm\" href=\"https:\/\/www.mumnet.de\/compliance\/hinweisgeberportal\">\n\t\t\t\t\t\t<span class=\"elementor-button-content-wrapper\">\n\t\t\t\t\t\t\t\t\t<span class=\"elementor-button-text\">Zum anonymen<br \/>Hinweisgeberportal<\/span>\n\t\t\t\t\t<\/span>\n\t\t\t\t\t<\/a>\n\t\t\t\t<\/div>\n\t\t\t\t\t\t<\/div>\n\t\t\t\t<\/div>\n\t\t\t\t\t<\/div>\n\t\t<\/div>\n\t\t\t\t<div class=\"elementor-column elementor-col-33 elementor-top-column elementor-element elementor-element-c9cb80b\" data-id=\"c9cb80b\" data-element_type=\"column\">\n\t\t\t<div class=\"elementor-widget-wrap elementor-element-populated\">\n\t\t\t\t\t\t<div class=\"elementor-element elementor-element-98ab423 elementor-align-justify elementor-widget elementor-widget-button\" data-id=\"98ab423\" data-element_type=\"widget\" data-widget_type=\"button.default\">\n\t\t\t\t<div class=\"elementor-widget-container\">\n\t\t\t\t\t\t\t<div class=\"elementor-button-wrapper\">\n\t\t\t\t\t<a class=\"elementor-button elementor-button-link elementor-size-sm\" href=\"https:\/\/www.mumnet.de\/compliance\/meldung-von-informationssicherheitsvorfaellen\">\n\t\t\t\t\t\t<span class=\"elementor-button-content-wrapper\">\n\t\t\t\t\t\t\t\t\t<span class=\"elementor-button-text\">Meldung zu<br \/>Informationssicherheitsvorf\u00e4llen<\/span>\n\t\t\t\t\t<\/span>\n\t\t\t\t\t<\/a>\n\t\t\t\t<\/div>\n\t\t\t\t\t\t<\/div>\n\t\t\t\t<\/div>\n\t\t\t\t\t<\/div>\n\t\t<\/div>\n\t\t\t\t<div class=\"elementor-column elementor-col-33 elementor-top-column elementor-element elementor-element-2e79d4f\" data-id=\"2e79d4f\" data-element_type=\"column\">\n\t\t\t<div class=\"elementor-widget-wrap elementor-element-populated\">\n\t\t\t\t\t\t<div class=\"elementor-element elementor-element-14224f4 elementor-align-justify elementor-widget elementor-widget-button\" data-id=\"14224f4\" data-element_type=\"widget\" data-widget_type=\"button.default\">\n\t\t\t\t<div class=\"elementor-widget-container\">\n\t\t\t\t\t\t\t<div class=\"elementor-button-wrapper\">\n\t\t\t\t\t<a class=\"elementor-button elementor-button-link elementor-size-sm\" href=\"https:\/\/www.mumnet.de\/compliance\/informationssicherheit-mit-lieferanten\">\n\t\t\t\t\t\t<span class=\"elementor-button-content-wrapper\">\n\t\t\t\t\t\t\t\t\t<span class=\"elementor-button-text\">Informationssicherheit<br \/>mit Lieferanten<\/span>\n\t\t\t\t\t<\/span>\n\t\t\t\t\t<\/a>\n\t\t\t\t<\/div>\n\t\t\t\t\t\t<\/div>\n\t\t\t\t<\/div>\n\t\t\t\t\t<\/div>\n\t\t<\/div>\n\t\t\t\t\t<\/div>\n\t\t<\/section>\n\t\t\t\t<\/div>\n\t\t","protected":false},"excerpt":{"rendered":"<p>Liebe Website-User!\u00a0 Bei unseren individuellen Logistikleistungen sind wir f\u00fcr Sie auf der Stra\u00dfe, in der Luft und auf dem Wasser unterwegs \u2013 weltweit \u2013 und hier wollen wir als die M&amp;M Militzer &amp; M\u00fcnch Gruppe in Deutschland mit allen Gesetzen und Regularien im Einklang stehen. Um diesem Anspruch noch besser gerecht zu werden, haben wir [&hellip;]<\/p>\n","protected":false},"author":31,"featured_media":0,"parent":0,"menu_order":0,"comment_status":"closed","ping_status":"closed","template":"","meta":{"footnotes":"","_links_to":"","_links_to_target":""},"class_list":["post-82333","page","type-page","status-publish","hentry"],"_links":{"self":[{"href":"https:\/\/www.mumnet.de\/de-en\/wp-json\/wp\/v2\/pages\/82333"}],"collection":[{"href":"https:\/\/www.mumnet.de\/de-en\/wp-json\/wp\/v2\/pages"}],"about":[{"href":"https:\/\/www.mumnet.de\/de-en\/wp-json\/wp\/v2\/types\/page"}],"author":[{"embeddable":true,"href":"https:\/\/www.mumnet.de\/de-en\/wp-json\/wp\/v2\/users\/31"}],"replies":[{"embeddable":true,"href":"https:\/\/www.mumnet.de\/de-en\/wp-json\/wp\/v2\/comments?post=82333"}],"version-history":[{"count":19,"href":"https:\/\/www.mumnet.de\/de-en\/wp-json\/wp\/v2\/pages\/82333\/revisions"}],"predecessor-version":[{"id":84707,"href":"https:\/\/www.mumnet.de\/de-en\/wp-json\/wp\/v2\/pages\/82333\/revisions\/84707"}],"wp:attachment":[{"href":"https:\/\/www.mumnet.de\/de-en\/wp-json\/wp\/v2\/media?parent=82333"}],"curies":[{"name":"wp","href":"https:\/\/api.w.org\/{rel}","templated":true}]}}